{"id":2158,"date":"2020-01-15T09:25:00","date_gmt":"2020-01-15T08:25:00","guid":{"rendered":"http:\/\/artep.futuresmart.it\/?page_id=2158"},"modified":"2021-02-04T17:46:43","modified_gmt":"2021-02-04T16:46:43","slug":"materiali","status":"publish","type":"page","link":"https:\/\/artep-italia.com\/en\/materiali\/","title":{"rendered":"Materiali"},"content":{"rendered":"<p>Da sempre amiamo sperimentare ed esplorare il mondo dei filati.<br \/>\nQuesto ci ha permesso di poter offrire una gamma veramente ampia di materiali incredibili dalle diverse propriet\u00e0, lucentezze e morbidezze. Ognuno di essi \u00e8 frutto di una attenta selezione ed \u00e8 in grado di soddisfare qualsiasi tipologia di esigenza tattile e visiva.<\/p>\n","protected":false},"excerpt":{"rendered":"<p>Da sempre amiamo sperimentare ed esplorare il mondo dei filati. Questo ci ha permesso di poter offrire una gamma veramente ampia di materiali incredibili dalle diverse propriet\u00e0, lucentezze e morbidezze. Ognuno di essi \u00e8 frutto di una attenta selezione ed \u00e8 in grado di soddisfare qualsiasi tipologia di esigenza tattile e visiva.<\/p>\n","protected":false},"author":1,"featured_media":0,"parent":0,"menu_order":0,"comment_status":"closed","ping_status":"closed","template":"","meta":{"_acf_changed":false,"footnotes":""},"categories":[],"tags":[],"class_list":["post-2158","page","type-page","status-publish","hentry"],"acf":[],"yoast_head":"<!-- This site is optimized with the Yoast SEO plugin v27.0 - https:\/\/yoast.com\/product\/yoast-seo-wordpress\/ -->\n<title>Materiali - Artep Italia<\/title>\n<meta name=\"description\" content=\"Artep Italia offers a wide range of incredible materials with distinctive characteristics, brightness and softness, carefully selected.\" \/>\n<meta name=\"robots\" content=\"index, follow, max-snippet:-1, max-image-preview:large, max-video-preview:-1\" \/>\n<link rel=\"canonical\" href=\"https:\/\/artep-italia.com\/en\/materiali\/\" \/>\n<meta property=\"og:locale\" content=\"en_US\" \/>\n<meta property=\"og:type\" content=\"article\" \/>\n<meta property=\"og:title\" content=\"Materiali - Artep Italia\" \/>\n<meta property=\"og:description\" content=\"Artep Italia offers a wide range of incredible materials with distinctive characteristics, brightness and softness, carefully selected.\" \/>\n<meta property=\"og:url\" content=\"https:\/\/artep-italia.com\/en\/materiali\/\" \/>\n<meta property=\"og:site_name\" content=\"Artep Italia\" \/>\n<meta property=\"article:modified_time\" content=\"2021-02-04T16:46:43+00:00\" \/>\n<meta name=\"twitter:card\" content=\"summary_large_image\" \/>\n<script type=\"application\/ld+json\" class=\"yoast-schema-graph\">{\"@context\":\"https:\/\/schema.org\",\"@graph\":[{\"@type\":\"WebPage\",\"@id\":\"https:\/\/artep-italia.com\/en\/materiali\/\",\"url\":\"https:\/\/artep-italia.com\/en\/materiali\/\",\"name\":\"Materiali - Artep Italia\",\"isPartOf\":{\"@id\":\"https:\/\/artep-italia.com\/#website\"},\"datePublished\":\"2020-01-15T08:25:00+00:00\",\"dateModified\":\"2021-02-04T16:46:43+00:00\",\"description\":\"Artep Italia offers a wide range of incredible materials with distinctive characteristics, brightness and softness, carefully selected.\",\"breadcrumb\":{\"@id\":\"https:\/\/artep-italia.com\/en\/materiali\/#breadcrumb\"},\"inLanguage\":\"en-US\",\"potentialAction\":[{\"@type\":\"ReadAction\",\"target\":[\"https:\/\/artep-italia.com\/en\/materiali\/\"]}]},{\"@type\":\"BreadcrumbList\",\"@id\":\"https:\/\/artep-italia.com\/en\/materiali\/#breadcrumb\",\"itemListElement\":[{\"@type\":\"ListItem\",\"position\":1,\"name\":\"Home\",\"item\":\"https:\/\/artep-italia.com\/\"},{\"@type\":\"ListItem\",\"position\":2,\"name\":\"Materiali\"}]},{\"@type\":\"WebSite\",\"@id\":\"https:\/\/artep-italia.com\/#website\",\"url\":\"https:\/\/artep-italia.com\/\",\"name\":\"Artep Italia\",\"description\":\"Custom carpets | Modern and design rugs\",\"potentialAction\":[{\"@type\":\"SearchAction\",\"target\":{\"@type\":\"EntryPoint\",\"urlTemplate\":\"https:\/\/artep-italia.com\/?s={search_term_string}\"},\"query-input\":{\"@type\":\"PropertyValueSpecification\",\"valueRequired\":true,\"valueName\":\"search_term_string\"}}],\"inLanguage\":\"en-US\"}]}<\/script>\n<!-- \/ Yoast SEO plugin. -->","yoast_head_json":{"title":"Materiali - Artep Italia","description":"Artep Italia offers a wide range of incredible materials with distinctive characteristics, brightness and softness, carefully selected.","robots":{"index":"index","follow":"follow","max-snippet":"max-snippet:-1","max-image-preview":"max-image-preview:large","max-video-preview":"max-video-preview:-1"},"canonical":"https:\/\/artep-italia.com\/en\/materiali\/","og_locale":"en_US","og_type":"article","og_title":"Materiali - Artep Italia","og_description":"Artep Italia offers a wide range of incredible materials with distinctive characteristics, brightness and softness, carefully selected.","og_url":"https:\/\/artep-italia.com\/en\/materiali\/","og_site_name":"Artep Italia","article_modified_time":"2021-02-04T16:46:43+00:00","twitter_card":"summary_large_image","schema":{"@context":"https:\/\/schema.org","@graph":[{"@type":"WebPage","@id":"https:\/\/artep-italia.com\/en\/materiali\/","url":"https:\/\/artep-italia.com\/en\/materiali\/","name":"Materiali - Artep Italia","isPartOf":{"@id":"https:\/\/artep-italia.com\/#website"},"datePublished":"2020-01-15T08:25:00+00:00","dateModified":"2021-02-04T16:46:43+00:00","description":"Artep Italia offers a wide range of incredible materials with distinctive characteristics, brightness and softness, carefully selected.","breadcrumb":{"@id":"https:\/\/artep-italia.com\/en\/materiali\/#breadcrumb"},"inLanguage":"en-US","potentialAction":[{"@type":"ReadAction","target":["https:\/\/artep-italia.com\/en\/materiali\/"]}]},{"@type":"BreadcrumbList","@id":"https:\/\/artep-italia.com\/en\/materiali\/#breadcrumb","itemListElement":[{"@type":"ListItem","position":1,"name":"Home","item":"https:\/\/artep-italia.com\/"},{"@type":"ListItem","position":2,"name":"Materiali"}]},{"@type":"WebSite","@id":"https:\/\/artep-italia.com\/#website","url":"https:\/\/artep-italia.com\/","name":"Artep Italia","description":"Custom carpets | Modern and design rugs","potentialAction":[{"@type":"SearchAction","target":{"@type":"EntryPoint","urlTemplate":"https:\/\/artep-italia.com\/?s={search_term_string}"},"query-input":{"@type":"PropertyValueSpecification","valueRequired":true,"valueName":"search_term_string"}}],"inLanguage":"en-US"}]}},"_links":{"self":[{"href":"https:\/\/artep-italia.com\/en\/wp-json\/wp\/v2\/pages\/2158","targetHints":{"allow":["GET"]}}],"collection":[{"href":"https:\/\/artep-italia.com\/en\/wp-json\/wp\/v2\/pages"}],"about":[{"href":"https:\/\/artep-italia.com\/en\/wp-json\/wp\/v2\/types\/page"}],"author":[{"embeddable":true,"href":"https:\/\/artep-italia.com\/en\/wp-json\/wp\/v2\/users\/1"}],"replies":[{"embeddable":true,"href":"https:\/\/artep-italia.com\/en\/wp-json\/wp\/v2\/comments?post=2158"}],"version-history":[{"count":4,"href":"https:\/\/artep-italia.com\/en\/wp-json\/wp\/v2\/pages\/2158\/revisions"}],"predecessor-version":[{"id":2599,"href":"https:\/\/artep-italia.com\/en\/wp-json\/wp\/v2\/pages\/2158\/revisions\/2599"}],"wp:attachment":[{"href":"https:\/\/artep-italia.com\/en\/wp-json\/wp\/v2\/media?parent=2158"}],"wp:term":[{"taxonomy":"category","embeddable":true,"href":"https:\/\/artep-italia.com\/en\/wp-json\/wp\/v2\/categories?post=2158"},{"taxonomy":"post_tag","embeddable":true,"href":"https:\/\/artep-italia.com\/en\/wp-json\/wp\/v2\/tags?post=2158"}],"curies":[{"name":"wp","href":"https:\/\/api.w.org\/{rel}","templated":true}]}}